{"id":2729,"date":"2020-12-10T00:12:07","date_gmt":"2020-12-09T23:12:07","guid":{"rendered":"http:\/\/www.friedhofsgaertnerei-schmid.de\/mobil\/?page_id=2729"},"modified":"2020-12-10T00:35:35","modified_gmt":"2020-12-09T23:35:35","slug":"saisonbepflanzung","status":"publish","type":"page","link":"https:\/\/www.friedhofsgaertnerei-schmid.de\/mobil\/saisonbepflanzung\/","title":{"rendered":"Saisonbepflanzung"},"content":{"rendered":"\n[et_pb_section fb_built=&#8220;1&#8243; specialty=&#8220;on&#8220; _builder_version=&#8220;4.7.4&#8243; _module_preset=&#8220;default&#8220; background_color=&#8220;#dfe0e5&#8243; custom_margin=&#8220;0px||||false|false&#8220; custom_padding=&#8220;90px||90px||false|false&#8220;][et_pb_column type=&#8220;1_2&#8243; _builder_version=&#8220;3.25&#8243; custom_padding=&#8220;|||&#8220; custom_padding__hover=&#8220;|||&#8220;][et_pb_text _builder_version=&#8220;4.7.4&#8243; _module_preset=&#8220;default&#8220; header_font=&#8220;|700|||||||&#8220; hover_enabled=&#8220;0&#8243; sticky_enabled=&#8220;0&#8243;]<h1><span>Saisonbepflanzung<\/span><\/h1>\n[\/et_pb_text][et_pb_text _builder_version=&#8220;4.7.4&#8243; _module_preset=&#8220;default&#8220; hover_enabled=&#8220;0&#8243; sticky_enabled=&#8220;0&#8243;]<h2>Pflanzen in verschiedenen Jahreszeiten<\/h2>\n[\/et_pb_text][et_pb_text _builder_version=&#8220;4.7.4&#8243; _module_preset=&#8220;default&#8220; hover_enabled=&#8220;0&#8243; sticky_enabled=&#8220;0&#8243;]<p><span>Die Saisonbepflanzung sorgt im Fr\u00fchjahr, Sommer und Herbst mit seiner Bl\u00fctenvielfalt f\u00fcr einen leuchtenden Akzent auf den Gr\u00e4bern.<\/span><span class=\"norm02klein\"><\/p>\n<p><\/span><span>Hierbei werden vorwiegend einj\u00e4hrige Pflanzen verwendet, welche je nach Kundenwunsch ein- oder mehrfarbig in einer Art, oder als buntes Strukturbeet gesetzt werden.<\/span><span class=\"norm02klein\"><\/p>\n<p><\/span><span>Die Form der Gestaltung ist abh\u00e4ngig von der Gr\u00f6\u00dfe der Grabfl\u00e4che und variiert zwischen grafischen Formen wie Rechtecken oder Kreisen und freien Anordnungen wie z.B. Herzen, Bl\u00e4ttern oder verschlungenen Wegen.<\/span><span class=\"norm02klein\"><\/p>\n<p><\/span><span>Die Auswahl der Pflanzenarten wird angepasst an die unterschiedlichen Standorte (Lichtverh\u00e4ltnisse, Bodenbeschaffenheit, etc.),sowie an die regionalen Wetterbedingungen ( z.B. Frostgefahr im Fr\u00fchjahr und Herbst).<\/span><span class=\"norm02klein\"><\/p>\n<p><\/span><span>Der Preis der jeweiligen Bepflanzung richtet sich nach Art und Menge der verwendeten Blumen und wird im Vorfeld, in einem Beratungsgespr\u00e4ch am Grab, mit dem Kunden abgesprochen.<\/span><\/p>\n[\/et_pb_text][\/et_pb_column][et_pb_column type=&#8220;1_2&#8243; specialty_columns=&#8220;2&#8243; _builder_version=&#8220;3.25&#8243; custom_padding=&#8220;|||&#8220; custom_padding__hover=&#8220;|||&#8220;][et_pb_row_inner _builder_version=&#8220;4.7.4&#8243; _module_preset=&#8220;default&#8220; custom_padding=&#8220;||12px|||&#8220;][et_pb_column_inner saved_specialty_column_type=&#8220;1_2&#8243; _builder_version=&#8220;4.7.4&#8243; _module_preset=&#8220;default&#8220;][et_pb_image src=&#8220;http:\/\/www.friedhofsgaertnerei-schmid.de\/mobil\/wp-content\/uploads\/2020\/12\/grab-fruehling.jpg&#8220; alt=&#8220;Saisonbepflanzung  Grab Fr\u00fchling&#8220; _builder_version=&#8220;4.7.4&#8243; _module_preset=&#8220;default&#8220; max_width=&#8220;100%&#8220; hover_enabled=&#8220;0&#8243; custom_margin=&#8220;||39px|||&#8220; title_text=&#8220;grab-fruehling&#8220; sticky_enabled=&#8220;0&#8243; box_shadow_style=&#8220;preset1&#8243; box_shadow_spread=&#8220;10px&#8220; box_shadow_spread__hover_enabled=&#8220;on|hover&#8220; box_shadow_spread__hover=&#8220;0px&#8220; show_in_lightbox=&#8220;on&#8220;][\/et_pb_image][\/et_pb_column_inner][\/et_pb_row_inner][et_pb_row_inner column_structure=&#8220;1_2,1_2&#8243; _builder_version=&#8220;4.7.4&#8243; _module_preset=&#8220;default&#8220; custom_margin=&#8220;0px|0px|0px|0px|false|false&#8220; custom_padding=&#8220;0px|0px|0px|0px|false|false&#8220;][et_pb_column_inner type=&#8220;1_2&#8243; saved_specialty_column_type=&#8220;1_2&#8243; _builder_version=&#8220;4.7.4&#8243; _module_preset=&#8220;default&#8220; custom_padding=&#8220;0px|0px|0px|0px|false|false&#8220;][et_pb_image src=&#8220;http:\/\/www.friedhofsgaertnerei-schmid.de\/mobil\/wp-content\/uploads\/2020\/12\/grab-sommer-225&#215;300.jpg&#8220; alt=&#8220;Saisonbepflanzung Grab Sommer&#8220; _builder_version=&#8220;4.7.4&#8243; _module_preset=&#8220;default&#8220; custom_margin=&#8220;|-21px||||&#8220; custom_padding=&#8220;|0px||2px||&#8220; hover_enabled=&#8220;0&#8243; sticky_enabled=&#8220;0&#8243; box_shadow_style=&#8220;preset1&#8243; box_shadow_spread=&#8220;10px&#8220; box_shadow_spread__hover_enabled=&#8220;on|hover&#8220; box_shadow_spread__hover=&#8220;0px&#8220; show_in_lightbox=&#8220;on&#8220;][\/et_pb_image][\/et_pb_column_inner][et_pb_column_inner type=&#8220;1_2&#8243; saved_specialty_column_type=&#8220;1_2&#8243; _builder_version=&#8220;4.7.4&#8243; _module_preset=&#8220;default&#8220; custom_padding=&#8220;0px|0px|0px|0px|false|false&#8220;][et_pb_image src=&#8220;http:\/\/www.friedhofsgaertnerei-schmid.de\/mobil\/wp-content\/uploads\/2020\/12\/grab-herbst-1-225&#215;300.jpg&#8220; alt=&#8220;Saisonbepflanzung Grab Herbst&#8220; _builder_version=&#8220;4.7.4&#8243; _module_preset=&#8220;default&#8220; custom_margin=&#8220;|||-1px||&#8220; custom_padding=&#8220;|0px||||&#8220; hover_enabled=&#8220;0&#8243; sticky_enabled=&#8220;0&#8243; box_shadow_style=&#8220;preset1&#8243; box_shadow_spread=&#8220;10px&#8220; box_shadow_spread_last_edited=&#8220;off|desktop&#8220; box_shadow_spread__hover_enabled=&#8220;on|hover&#8220; box_shadow_spread__hover=&#8220;0px&#8220; show_in_lightbox=&#8220;on&#8220;][\/et_pb_image][\/et_pb_column_inner][\/et_pb_row_inner][\/et_pb_column][\/et_pb_section]\n","protected":false},"excerpt":{"rendered":"<p>Saisonbepflanzung Pflanzen in verschiedenen Jahreszeiten Die Saisonbepflanzung sorgt im Fr\u00fchjahr, Sommer und Herbst mit seiner Bl\u00fctenvielfalt f\u00fcr einen leuchtenden Akzent auf den Gr\u00e4bern. Hierbei werden vorwiegend einj\u00e4hrige Pflanzen verwendet, welche je nach Kundenwunsch ein- oder mehrfarbig in einer Art, oder als buntes Strukturbeet gesetzt werden. Die Form der Gestaltung ist abh\u00e4ngig von der Gr\u00f6\u00dfe der [&hellip;]<\/p>\n","protected":false},"author":1,"featured_media":0,"parent":0,"menu_order":0,"comment_status":"closed","ping_status":"closed","template":"","meta":{"_et_pb_use_builder":"on","_et_pb_old_content":"","_et_gb_content_width":""},"_links":{"self":[{"href":"https:\/\/www.friedhofsgaertnerei-schmid.de\/mobil\/wp-json\/wp\/v2\/pages\/2729"}],"collection":[{"href":"https:\/\/www.friedhofsgaertnerei-schmid.de\/mobil\/wp-json\/wp\/v2\/pages"}],"about":[{"href":"https:\/\/www.friedhofsgaertnerei-schmid.de\/mobil\/wp-json\/wp\/v2\/types\/page"}],"author":[{"embeddable":true,"href":"https:\/\/www.friedhofsgaertnerei-schmid.de\/mobil\/wp-json\/wp\/v2\/users\/1"}],"replies":[{"embeddable":true,"href":"https:\/\/www.friedhofsgaertnerei-schmid.de\/mobil\/wp-json\/wp\/v2\/comments?post=2729"}],"version-history":[{"count":0,"href":"https:\/\/www.friedhofsgaertnerei-schmid.de\/mobil\/wp-json\/wp\/v2\/pages\/2729\/revisions"}],"wp:attachment":[{"href":"https:\/\/www.friedhofsgaertnerei-schmid.de\/mobil\/wp-json\/wp\/v2\/media?parent=2729"}],"curies":[{"name":"wp","href":"https:\/\/api.w.org\/{rel}","templated":true}]}}