{"id":2763,"date":"2020-12-10T00:38:42","date_gmt":"2020-12-09T23:38:42","guid":{"rendered":"http:\/\/www.friedhofsgaertnerei-schmid.de\/mobil\/?page_id=2763"},"modified":"2020-12-23T16:04:22","modified_gmt":"2020-12-23T15:04:22","slug":"grabgestaltung","status":"publish","type":"page","link":"https:\/\/www.friedhofsgaertnerei-schmid.de\/mobil\/grabgestaltung\/","title":{"rendered":"Grabgestaltung"},"content":{"rendered":"\n[et_pb_section fb_built=&#8220;1&#8243; specialty=&#8220;on&#8220; _builder_version=&#8220;4.7.4&#8243; _module_preset=&#8220;default&#8220; background_color=&#8220;#dfe0e5&#8243; custom_margin=&#8220;0px||||false|false&#8220; custom_padding=&#8220;90px||90px||false|false&#8220;][et_pb_column type=&#8220;1_2&#8243; _builder_version=&#8220;3.25&#8243; custom_padding=&#8220;|||&#8220; custom_padding__hover=&#8220;|||&#8220;][et_pb_text _builder_version=&#8220;4.7.4&#8243; _module_preset=&#8220;default&#8220; header_font=&#8220;|700|||||||&#8220; hover_enabled=&#8220;0&#8243; sticky_enabled=&#8220;0&#8243;]<h1><span>Grabgestaltung<\/span><\/h1>\n[\/et_pb_text][et_pb_text _builder_version=&#8220;4.7.4&#8243; _module_preset=&#8220;default&#8220; hover_enabled=&#8220;0&#8243; sticky_enabled=&#8220;0&#8243;]<h2>Provisorische Erdanlage<\/h2>\n<p>&nbsp;<\/p>\n[\/et_pb_text][et_pb_text _builder_version=&#8220;4.7.4&#8243; _module_preset=&#8220;default&#8220; hover_enabled=&#8220;0&#8243; sticky_enabled=&#8220;0&#8243;]<p><span>Etwa 14 Tage nach einer Beisetzung, wenn Kr\u00e4nze und Trauerbuketts verbl\u00fcht und unansehnlich geworden sind, k\u00f6nnen die ersten Arbeiten am Grab vorgenommen werden.<\/span><br \/><span>Da nach einer Erdbestattung der Boden stark gelockert ist und sich die Grabstelle im Laufe der ersten 6 Monate senken wird, ist eine dauerhafte Grabanlage zu diesem Zeitpunkt noch nicht empfehlenswert.<\/span><\/p>\n<p><span>Es besteht allerdings die M\u00f6glichkeit einer\u00a0<\/span><b>provisorischen Erdanlage<\/b><span>.<\/span><\/p>\n<p><span>Trauergebinde werden entsorgt und der vorhandene Kies wird bis auf ca. 10 &#8211; 20 cm abgetragen. Der noch verbliebene Kies wird der Grabgr\u00f6\u00dfe entsprechend zu einem H\u00fcgel geformt und mit einer Schicht gesunder Erde bedeckt.<\/span><br \/><span>Dieses Provisorium l\u00e4sst man in der Regel 6 Monate ruhen damit sich der Boden setzen kann. W\u00e4hrend dieser Zeit kann die Grabstelle durch eine, der Jahreszeit entsprechende, Pflanzschale geschm\u00fcckt werden.<\/span><\/p>\n<p><span>Vor der eigentlichen, dauerhaften Grabneuanlage, sollten alle geplanten Arbeiten des von Ihnen beauftragen Steinmetzes abgeschlossen sein. Erst wenn das Grabmal an der vorgesehenen Stelle aufgestellt ist, wird der endg\u00fcltige Grabh\u00fcgel angelegt.<\/span><\/p>\n[\/et_pb_text][\/et_pb_column][et_pb_column type=&#8220;1_2&#8243; specialty_columns=&#8220;2&#8243; _builder_version=&#8220;3.25&#8243; custom_padding=&#8220;|||&#8220; custom_padding__hover=&#8220;|||&#8220;][et_pb_row_inner _builder_version=&#8220;4.7.4&#8243; _module_preset=&#8220;default&#8220; custom_padding=&#8220;||12px|||&#8220;][et_pb_column_inner saved_specialty_column_type=&#8220;1_2&#8243; _builder_version=&#8220;4.7.4&#8243; _module_preset=&#8220;default&#8220;][et_pb_image src=&#8220;http:\/\/www.friedhofsgaertnerei-schmid.de\/mobil\/wp-content\/uploads\/2020\/12\/Provisorische_Anlage.jpg&#8220; alt=&#8220;Provisorische Erdanlage Grabgestaltung Beispiel&#8220; title_text=&#8220;grab-fruehling&#8220; show_in_lightbox=&#8220;on&#8220; _builder_version=&#8220;4.7.4&#8243; _module_preset=&#8220;default&#8220; max_width=&#8220;100%&#8220; custom_margin=&#8220;||39px|||&#8220; hover_enabled=&#8220;0&#8243; box_shadow_style=&#8220;preset1&#8243; box_shadow_spread=&#8220;10px&#8220; box_shadow_spread__hover_enabled=&#8220;on|hover&#8220; box_shadow_spread__hover=&#8220;0px&#8220; sticky_enabled=&#8220;0&#8243;][\/et_pb_image][\/et_pb_column_inner][\/et_pb_row_inner][\/et_pb_column][\/et_pb_section]\n","protected":false},"excerpt":{"rendered":"<p>Grabgestaltung Provisorische Erdanlage &nbsp; Etwa 14 Tage nach einer Beisetzung, wenn Kr\u00e4nze und Trauerbuketts verbl\u00fcht und unansehnlich geworden sind, k\u00f6nnen die ersten Arbeiten am Grab vorgenommen werden.Da nach einer Erdbestattung der Boden stark gelockert ist und sich die Grabstelle im Laufe der ersten 6 Monate senken wird, ist eine dauerhafte Grabanlage zu diesem Zeitpunkt noch [&hellip;]<\/p>\n","protected":false},"author":1,"featured_media":0,"parent":0,"menu_order":0,"comment_status":"closed","ping_status":"closed","template":"","meta":{"_et_pb_use_builder":"on","_et_pb_old_content":"","_et_gb_content_width":""},"_links":{"self":[{"href":"https:\/\/www.friedhofsgaertnerei-schmid.de\/mobil\/wp-json\/wp\/v2\/pages\/2763"}],"collection":[{"href":"https:\/\/www.friedhofsgaertnerei-schmid.de\/mobil\/wp-json\/wp\/v2\/pages"}],"about":[{"href":"https:\/\/www.friedhofsgaertnerei-schmid.de\/mobil\/wp-json\/wp\/v2\/types\/page"}],"author":[{"embeddable":true,"href":"https:\/\/www.friedhofsgaertnerei-schmid.de\/mobil\/wp-json\/wp\/v2\/users\/1"}],"replies":[{"embeddable":true,"href":"https:\/\/www.friedhofsgaertnerei-schmid.de\/mobil\/wp-json\/wp\/v2\/comments?post=2763"}],"version-history":[{"count":1,"href":"https:\/\/www.friedhofsgaertnerei-schmid.de\/mobil\/wp-json\/wp\/v2\/pages\/2763\/revisions"}],"predecessor-version":[{"id":2902,"href":"https:\/\/www.friedhofsgaertnerei-schmid.de\/mobil\/wp-json\/wp\/v2\/pages\/2763\/revisions\/2902"}],"wp:attachment":[{"href":"https:\/\/www.friedhofsgaertnerei-schmid.de\/mobil\/wp-json\/wp\/v2\/media?parent=2763"}],"curies":[{"name":"wp","href":"https:\/\/api.w.org\/{rel}","templated":true}]}}