{"id":2798,"date":"2020-12-10T01:10:00","date_gmt":"2020-12-10T00:10:00","guid":{"rendered":"http:\/\/www.friedhofsgaertnerei-schmid.de\/mobil\/?page_id=2798"},"modified":"2020-12-11T16:24:31","modified_gmt":"2020-12-11T15:24:31","slug":"kontakt","status":"publish","type":"page","link":"https:\/\/www.friedhofsgaertnerei-schmid.de\/mobil\/kontakt\/","title":{"rendered":"Kontakt"},"content":{"rendered":"<p>[et_pb_section fb_built=&#8220;1&#8243; _builder_version=&#8220;4.7.4&#8243; _module_preset=&#8220;default&#8220; background_color=&#8220;#dfe0e5&#8243; custom_padding=&#8220;100px||300px|||&#8220;][et_pb_row _builder_version=&#8220;4.7.4&#8243; _module_preset=&#8220;default&#8220;][et_pb_column type=&#8220;4_4&#8243; _builder_version=&#8220;4.7.4&#8243; _module_preset=&#8220;default&#8220;][et_pb_text _builder_version=&#8220;4.7.4&#8243; _module_preset=&#8220;default&#8220; header_font=&#8220;|700|||||||&#8220;]<\/p>\n<h1>Kontaktm\u00f6glichkeiten<\/h1>\n<p>[\/et_pb_text][et_pb_text _builder_version=&#8220;4.7.5&#8243; _module_preset=&#8220;default&#8220; link_font=&#8220;|600|||||||&#8220; link_text_color=&#8220;#000000&#8243;]<\/p>\n<p><span class=\"impr01\"><b>G\u00e4rtnerei Schmid<\/b><br \/> Drosselstra\u00dfe 24<br \/> 85521 Ottobrunn<br \/> <\/span><br \/> <span class=\"impr01\"> E-Mail:\u00a0<a href=\"mailto:info@friedhofsgaertnerei-schmid.de\"><span class=\"amail1\">info@friedhofsgaertnerei-schmid.de<\/span><\/a><\/span><\/p>\n<p><span><\/span>Tel:\u00a0<strong>089 \/ 6 09 45 02<\/strong><br \/> Fax:089 \/ 6 09 18 75<\/p>\n<p><b>Telefonische Erreichbarkeit:<\/b><span><\/span><br \/> <span>Montag &#8211; Freitag 08:00 &#8211; 17:00<\/span><\/p>\n<p><span>Mit unseren Kunden treffen wir uns vor Ort am Friedhof oder in unserem Beratungsb\u00fcro in Ottobrunn<\/span><\/p>\n<p><span>Bitte vereinbaren Sie f\u00fcr ein pers\u00f6nliches Gespr\u00e4ch unbedingt einen Termin, da unser B\u00fcro nicht st\u00e4ndig besetzt ist<\/span><\/p>\n<p>[\/et_pb_text][\/et_pb_column][\/et_pb_row][\/et_pb_section]<\/p>\n","protected":false},"excerpt":{"rendered":"<p>Kontaktm\u00f6glichkeitenG\u00e4rtnerei Schmid Drosselstra\u00dfe 24 85521 Ottobrunn E-Mail:\u00a0info@friedhofsgaertnerei-schmid.de Tel:\u00a0089 \/ 6 09 45 02 Fax:089 \/ 6 09 18 75 Telefonische Erreichbarkeit: Montag &#8211; Freitag 08:00 &#8211; 17:00 Mit unseren Kunden treffen wir uns vor Ort am Friedhof oder in unserem Beratungsb\u00fcro in Ottobrunn Bitte vereinbaren Sie f\u00fcr ein pers\u00f6nliches Gespr\u00e4ch unbedingt einen Termin, da unser [&hellip;]<\/p>\n","protected":false},"author":1,"featured_media":0,"parent":0,"menu_order":0,"comment_status":"closed","ping_status":"closed","template":"","meta":{"_et_pb_use_builder":"on","_et_pb_old_content":"","_et_gb_content_width":""},"_links":{"self":[{"href":"https:\/\/www.friedhofsgaertnerei-schmid.de\/mobil\/wp-json\/wp\/v2\/pages\/2798"}],"collection":[{"href":"https:\/\/www.friedhofsgaertnerei-schmid.de\/mobil\/wp-json\/wp\/v2\/pages"}],"about":[{"href":"https:\/\/www.friedhofsgaertnerei-schmid.de\/mobil\/wp-json\/wp\/v2\/types\/page"}],"author":[{"embeddable":true,"href":"https:\/\/www.friedhofsgaertnerei-schmid.de\/mobil\/wp-json\/wp\/v2\/users\/1"}],"replies":[{"embeddable":true,"href":"https:\/\/www.friedhofsgaertnerei-schmid.de\/mobil\/wp-json\/wp\/v2\/comments?post=2798"}],"version-history":[{"count":4,"href":"https:\/\/www.friedhofsgaertnerei-schmid.de\/mobil\/wp-json\/wp\/v2\/pages\/2798\/revisions"}],"predecessor-version":[{"id":2895,"href":"https:\/\/www.friedhofsgaertnerei-schmid.de\/mobil\/wp-json\/wp\/v2\/pages\/2798\/revisions\/2895"}],"wp:attachment":[{"href":"https:\/\/www.friedhofsgaertnerei-schmid.de\/mobil\/wp-json\/wp\/v2\/media?parent=2798"}],"curies":[{"name":"wp","href":"https:\/\/api.w.org\/{rel}","templated":true}]}}