{"id":2803,"date":"2020-12-10T01:14:29","date_gmt":"2020-12-10T00:14:29","guid":{"rendered":"http:\/\/www.friedhofsgaertnerei-schmid.de\/mobil\/?page_id=2803"},"modified":"2022-09-28T14:45:59","modified_gmt":"2022-09-28T12:45:59","slug":"impressum","status":"publish","type":"page","link":"https:\/\/www.friedhofsgaertnerei-schmid.de\/mobil\/impressum\/","title":{"rendered":"Impressum"},"content":{"rendered":"<p>[et_pb_section fb_built=&#8220;1&#8243; _builder_version=&#8220;4.7.4&#8243; _module_preset=&#8220;default&#8220; background_color=&#8220;#dfe0e5&#8243; custom_padding=&#8220;100px||300px|||&#8220; global_colors_info=&#8220;{}&#8220;][et_pb_row _builder_version=&#8220;4.7.4&#8243; _module_preset=&#8220;default&#8220; global_colors_info=&#8220;{}&#8220;][et_pb_column type=&#8220;4_4&#8243; _builder_version=&#8220;4.7.4&#8243; _module_preset=&#8220;default&#8220; global_colors_info=&#8220;{}&#8220;][et_pb_text _builder_version=&#8220;4.7.4&#8243; _module_preset=&#8220;default&#8220; header_font=&#8220;|700|||||||&#8220; global_colors_info=&#8220;{}&#8220;]<\/p>\n<h1>Impressum<\/h1>\n<p>[\/et_pb_text][\/et_pb_column][\/et_pb_row][et_pb_row column_structure=&#8220;1_2,1_2&#8243; _builder_version=&#8220;4.7.4&#8243; _module_preset=&#8220;default&#8220; global_colors_info=&#8220;{}&#8220;][et_pb_column type=&#8220;1_2&#8243; _builder_version=&#8220;4.7.4&#8243; _module_preset=&#8220;default&#8220; global_colors_info=&#8220;{}&#8220;][et_pb_text _builder_version=&#8220;4.7.4&#8243; _module_preset=&#8220;default&#8220; global_colors_info=&#8220;{}&#8220;]<\/p>\n<h2>Verantwortlich gem\u00e4\u00df \u00a76 MDStV:<\/h2>\n<p><span><\/span><\/p>\n<p>[\/et_pb_text][et_pb_text _builder_version=&#8220;4.7.5&#8243; _module_preset=&#8220;default&#8220; link_text_color=&#8220;#000000&#8243; global_colors_info=&#8220;{}&#8220;]<\/p>\n<p><span class=\"impr01\"><b>G\u00e4rtnerei Schmid<\/b><br \/>Susanne Schmid<br \/>Drosselstra\u00dfe 24<br \/>85521 Ottobrunn<\/span><\/p>\n<p><span>Umsatzsteuer-Identifikationsnummer<\/span><br \/><span>gem\u00e4\u00df \u00a7 27 a Umsatzsteuergesetz: DE 184177824<\/span><\/p>\n<p>Tel: 089 \/ 609 45 02<br \/>Fax: 089 \/ 609 18 75<\/p>\n<p><span class=\"impr01\">E-Mail: <a href=\"mailto:info@friedhofsgaertnerei-schmid.de\"><span class=\"amail1\">info@friedhofsgaertnerei-schmid.de<\/span><\/a><\/span><\/p>\n<p>&nbsp;<\/p>\n<p>[\/et_pb_text][\/et_pb_column][et_pb_column type=&#8220;1_2&#8243; _builder_version=&#8220;4.7.4&#8243; _module_preset=&#8220;default&#8220; global_colors_info=&#8220;{}&#8220;][et_pb_text _builder_version=&#8220;4.7.4&#8243; _module_preset=&#8220;default&#8220; global_colors_info=&#8220;{}&#8220;]<\/p>\n<h2>IT-Betreuung &amp; Webdesign:<\/p>\n<\/h2>\n<p>[\/et_pb_text][et_pb_text _builder_version=&#8220;4.14.4&#8243; _module_preset=&#8220;default&#8220; link_text_color=&#8220;#000000&#8243; global_colors_info=&#8220;{}&#8220;]<\/p>\n<p><b>18BITS E-Commerce Webentwicklung<br \/><\/b><span><\/span>18bits GmbH<br \/><span>Alte Landstr. 23<\/span><br \/><span>85521 Ottobrunn<\/span><\/p>\n<p><span>Tel.: 089 2153 7990<\/span><\/p>\n<p><span>E-Mail:\u00a0<\/span><a href=\"mailto:info@18bits.com\"><span class=\"href2\">info@18bits.com<\/span><\/a><span><\/span><br \/><span class=\"ahref2\">Gestaltung und Programmierung durch:\u00a0<a href=\"https:\/\/18bits.com\/\" title=\"E-Commerce Webentwicklung \" target=\"_blank\" rel=\"noopener noreferrer\">https:\/\/18bits.com<\/a><\/span><\/p>\n<p>[\/et_pb_text][\/et_pb_column][\/et_pb_row][\/et_pb_section]<\/p>\n","protected":false},"excerpt":{"rendered":"<p>ImpressumVerantwortlich gem\u00e4\u00df \u00a76 MDStV: G\u00e4rtnerei SchmidSusanne SchmidDrosselstra\u00dfe 2485521 Ottobrunn Umsatzsteuer-Identifikationsnummergem\u00e4\u00df \u00a7 27 a Umsatzsteuergesetz: DE 184177824 Tel: 089 \/ 609 45 02Fax: 089 \/ 609 18 75 E-Mail: info@friedhofsgaertnerei-schmid.de &nbsp;IT-Betreuung &amp; Webdesign: 18BITS E-Commerce Webentwicklung18bits GmbHAlte Landstr. 2385521 Ottobrunn Tel.: 089 2153 7990 E-Mail:\u00a0info@18bits.comGestaltung und Programmierung durch:\u00a0https:\/\/18bits.com<\/p>\n","protected":false},"author":1,"featured_media":0,"parent":0,"menu_order":0,"comment_status":"closed","ping_status":"closed","template":"","meta":{"_et_pb_use_builder":"on","_et_pb_old_content":"","_et_gb_content_width":""},"_links":{"self":[{"href":"https:\/\/www.friedhofsgaertnerei-schmid.de\/mobil\/wp-json\/wp\/v2\/pages\/2803"}],"collection":[{"href":"https:\/\/www.friedhofsgaertnerei-schmid.de\/mobil\/wp-json\/wp\/v2\/pages"}],"about":[{"href":"https:\/\/www.friedhofsgaertnerei-schmid.de\/mobil\/wp-json\/wp\/v2\/types\/page"}],"author":[{"embeddable":true,"href":"https:\/\/www.friedhofsgaertnerei-schmid.de\/mobil\/wp-json\/wp\/v2\/users\/1"}],"replies":[{"embeddable":true,"href":"https:\/\/www.friedhofsgaertnerei-schmid.de\/mobil\/wp-json\/wp\/v2\/comments?post=2803"}],"version-history":[{"count":5,"href":"https:\/\/www.friedhofsgaertnerei-schmid.de\/mobil\/wp-json\/wp\/v2\/pages\/2803\/revisions"}],"predecessor-version":[{"id":3012,"href":"https:\/\/www.friedhofsgaertnerei-schmid.de\/mobil\/wp-json\/wp\/v2\/pages\/2803\/revisions\/3012"}],"wp:attachment":[{"href":"https:\/\/www.friedhofsgaertnerei-schmid.de\/mobil\/wp-json\/wp\/v2\/media?parent=2803"}],"curies":[{"name":"wp","href":"https:\/\/api.w.org\/{rel}","templated":true}]}}