{"id":2816,"date":"2020-12-10T01:24:41","date_gmt":"2020-12-10T00:24:41","guid":{"rendered":"http:\/\/www.friedhofsgaertnerei-schmid.de\/mobil\/?page_id=2816"},"modified":"2020-12-10T01:29:38","modified_gmt":"2020-12-10T00:29:38","slug":"vorsorgevertrag","status":"publish","type":"page","link":"https:\/\/www.friedhofsgaertnerei-schmid.de\/mobil\/vorsorgevertrag\/","title":{"rendered":"Vorsorgevertrag"},"content":{"rendered":"<p>[et_pb_section fb_built=&#8220;1&#8243; admin_label=&#8220;Special Offer Section&#8220; _builder_version=&#8220;4.7.4&#8243; background_color=&#8220;#e7efef&#8220; use_background_color_gradient=&#8220;on&#8220; background_color_gradient_start=&#8220;rgba(235,235,235,0)&#8220; background_color_gradient_end=&#8220;#ebebeb&#8220; background_color_gradient_direction=&#8220;90deg&#8220; background_color_gradient_end_position=&#8220;70%&#8220; background_color_gradient_overlays_image=&#8220;on&#8220; background_image=&#8220;http:\/\/www.friedhofsgaertnerei-schmid.de\/mobil\/wp-content\/uploads\/2020\/12\/florist-02-1.jpg&#8220; custom_padding=&#8220;12%|0px|6.4%|0px||&#8220;][et_pb_row _builder_version=&#8220;4.7.4&#8243; _module_preset=&#8220;default&#8220;][et_pb_column type=&#8220;4_4&#8243; _builder_version=&#8220;4.7.4&#8243; _module_preset=&#8220;default&#8220;][et_pb_text _builder_version=&#8220;4.7.4&#8243; _module_preset=&#8220;default&#8220; header_font=&#8220;|700|||||||&#8220; header_text_align=&#8220;right&#8220; hover_enabled=&#8220;0&#8243; sticky_enabled=&#8220;0&#8243;]<\/p>\n<h1 style=\"text-align: center;\">Vorsorgevertrag<\/h1>\n<p>[\/et_pb_text][\/et_pb_column][\/et_pb_row][et_pb_row _builder_version=&#8220;4.7.4&#8243; _module_preset=&#8220;default&#8220;][et_pb_column type=&#8220;4_4&#8243; _builder_version=&#8220;4.7.4&#8243; _module_preset=&#8220;default&#8220;][et_pb_text _builder_version=&#8220;4.7.4&#8243; _module_preset=&#8220;default&#8220; text_text_color=&#8220;#000000&#8243; text_font_size=&#8220;20px&#8220; background_color=&#8220;rgba(255,255,255,0.7)&#8220; custom_padding=&#8220;20px|20px|20px|20px|true|true&#8220; hover_enabled=&#8220;0&#8243; sticky_enabled=&#8220;0&#8243;]<\/p>\n<p><span>1. Folgende Leistungen k\u00f6nnen Sie im Vorsorgevertrag mit dem Friedhofsg\u00e4rtner Ihres Vertrauens schriftlich vereinbaren:<\/span><\/p>\n<ul>\n<li>G\u00e4rtnerische Anlage der Grabst\u00e4tte<\/li>\n<li>Laufende g\u00e4rtnerische Betreuung (wie: S\u00e4ubern, Gie\u00dfen)<\/li>\n<li>Jahreszeitliche Wechselbepflanzung mit Fr\u00fchjahrs-, Sommer- und Herbstblumen<\/li>\n<li>Grabschmuck zu besonderen Anl\u00e4ssen<\/li>\n<li>Erneuerung nach Einsenkung und weiteren Bestattungen<\/li>\n<li>Erneuerung einer Dauerbepflanzung in zu vereinbarenden Abst\u00e4nden<\/li>\n<\/ul>\n<p><span>2. Die Kosten f\u00fcr die gesamte Laufzeit des Vertrages werden bei Vertragsabschluss bezahlt. Die Berechnung erfolgt nach den Preisverh\u00e4ltnissen bei Vertragsabschluss. Dazu kommt eine Bearbeitungsgeb\u00fchr von 5% der Vertragssumme.<\/span><span class=\"ZUk\"><\/p>\n<p><\/span><span>3. Die Zahlung erfolgt an die TBF, die die Vertragssumme treuh\u00e4ndlerisch verwaltet.<\/span><span class=\"ZUk\"><\/p>\n<p><\/span><span>4. Die TBF legt die Vertragssumme so sicher und rentabel wie m\u00f6glich an. Die Zinsen des Kapitals werden in der Regel dem einzelnen Vertrag gutgeschrieben.<\/span><span class=\"ZUk\"><\/p>\n<p><\/span><span>5. Diese Gutschriften (Zinsen und Zinseszinsen) werden zum Ausgleich der laufenden Geldentwertung verwendet, so dass, wenn kein au\u00dfergew\u00f6hnlicher W\u00e4hrungseinbruch erfolgt, die volle Leistung \u00fcber die ganze Dauer der Vertragszeit erbracht werden kann.<\/span><span class=\"ZUk\"><\/p>\n<p><\/span><span>6. Die TBF \u00fcbernimmt die \u00dcberwachung und Qualit\u00e4tskontrolle der Leistungen des Friedhofsg\u00e4rtners.<\/span><span class=\"ZUk\"><\/p>\n<p><\/span><span>7. Nicht \u00fcbernommen wird die Sicherung des Grabmals, zur Behebung von Sch\u00e4den am Grabzubeh\u00f6r (Einfassung, Grabmahl usw.)<\/span><\/p>\n<p>[\/et_pb_text][et_pb_button button_text=&#8220;Wie kommt der Vertag zu stande?&#8220; _builder_version=&#8220;4.7.4&#8243; _module_preset=&#8220;default&#8220; button_alignment=&#8220;center&#8220; custom_button=&#8220;on&#8220; button_border_color=&#8220;#4b5149&#8243; button_text_color=&#8220;#4b5149&#8243; button_icon=&#8220;%%24%%&#8220; hover_enabled=&#8220;0&#8243; sticky_enabled=&#8220;0&#8243; button_url=&#8220;http:\/\/www.friedhofsgaertnerei-schmid.de\/mobil\/ablauf\/&#8220;][\/et_pb_button][\/et_pb_column][\/et_pb_row][\/et_pb_section]<\/p>\n","protected":false},"excerpt":{"rendered":"<p>Vorsorgevertrag 1. Folgende Leistungen k\u00f6nnen Sie im Vorsorgevertrag mit dem Friedhofsg\u00e4rtner Ihres Vertrauens schriftlich vereinbaren: G\u00e4rtnerische Anlage der Grabst\u00e4tte Laufende g\u00e4rtnerische Betreuung (wie: S\u00e4ubern, Gie\u00dfen) Jahreszeitliche Wechselbepflanzung mit Fr\u00fchjahrs-, Sommer- und Herbstblumen Grabschmuck zu besonderen Anl\u00e4ssen Erneuerung nach Einsenkung und weiteren Bestattungen Erneuerung einer Dauerbepflanzung in zu vereinbarenden Abst\u00e4nden 2. Die Kosten f\u00fcr die gesamte [&hellip;]<\/p>\n","protected":false},"author":1,"featured_media":0,"parent":0,"menu_order":0,"comment_status":"closed","ping_status":"closed","template":"","meta":{"_et_pb_use_builder":"on","_et_pb_old_content":"","_et_gb_content_width":""},"_links":{"self":[{"href":"https:\/\/www.friedhofsgaertnerei-schmid.de\/mobil\/wp-json\/wp\/v2\/pages\/2816"}],"collection":[{"href":"https:\/\/www.friedhofsgaertnerei-schmid.de\/mobil\/wp-json\/wp\/v2\/pages"}],"about":[{"href":"https:\/\/www.friedhofsgaertnerei-schmid.de\/mobil\/wp-json\/wp\/v2\/types\/page"}],"author":[{"embeddable":true,"href":"https:\/\/www.friedhofsgaertnerei-schmid.de\/mobil\/wp-json\/wp\/v2\/users\/1"}],"replies":[{"embeddable":true,"href":"https:\/\/www.friedhofsgaertnerei-schmid.de\/mobil\/wp-json\/wp\/v2\/comments?post=2816"}],"version-history":[{"count":0,"href":"https:\/\/www.friedhofsgaertnerei-schmid.de\/mobil\/wp-json\/wp\/v2\/pages\/2816\/revisions"}],"wp:attachment":[{"href":"https:\/\/www.friedhofsgaertnerei-schmid.de\/mobil\/wp-json\/wp\/v2\/media?parent=2816"}],"curies":[{"name":"wp","href":"https:\/\/api.w.org\/{rel}","templated":true}]}}