{"id":2821,"date":"2020-12-10T01:32:25","date_gmt":"2020-12-10T00:32:25","guid":{"rendered":"http:\/\/www.friedhofsgaertnerei-schmid.de\/mobil\/?page_id=2821"},"modified":"2020-12-10T01:34:57","modified_gmt":"2020-12-10T00:34:57","slug":"ablauf","status":"publish","type":"page","link":"https:\/\/www.friedhofsgaertnerei-schmid.de\/mobil\/ablauf\/","title":{"rendered":"Ablauf"},"content":{"rendered":"<p>[et_pb_section fb_built=&#8220;1&#8243; admin_label=&#8220;Special Offer Section&#8220; _builder_version=&#8220;4.7.4&#8243; background_color=&#8220;#e7efef&#8220; use_background_color_gradient=&#8220;on&#8220; background_color_gradient_start=&#8220;rgba(235,235,235,0)&#8220; background_color_gradient_end=&#8220;#ebebeb&#8220; background_color_gradient_direction=&#8220;90deg&#8220; background_color_gradient_end_position=&#8220;70%&#8220; background_color_gradient_overlays_image=&#8220;on&#8220; background_image=&#8220;http:\/\/www.friedhofsgaertnerei-schmid.de\/mobil\/wp-content\/uploads\/2020\/12\/florist-02-1.jpg&#8220; custom_padding=&#8220;12%|0px|6.4%|0px||&#8220;][et_pb_row _builder_version=&#8220;4.7.4&#8243; _module_preset=&#8220;default&#8220;][et_pb_column type=&#8220;4_4&#8243; _builder_version=&#8220;4.7.4&#8243; _module_preset=&#8220;default&#8220;][et_pb_text _builder_version=&#8220;4.7.4&#8243; _module_preset=&#8220;default&#8220; header_font=&#8220;|700|||||||&#8220; header_text_align=&#8220;right&#8220; hover_enabled=&#8220;0&#8243; sticky_enabled=&#8220;0&#8243;]<\/p>\n<h1 style=\"text-align: center;\">Wie kommt der Vorsorgevertrag zustande?<\/h1>\n<h1 style=\"text-align: center;\"><\/h1>\n<p>[\/et_pb_text][\/et_pb_column][\/et_pb_row][et_pb_row _builder_version=&#8220;4.7.4&#8243; _module_preset=&#8220;default&#8220;][et_pb_column type=&#8220;4_4&#8243; _builder_version=&#8220;4.7.4&#8243; _module_preset=&#8220;default&#8220;][et_pb_text _builder_version=&#8220;4.7.4&#8243; _module_preset=&#8220;default&#8220; text_text_color=&#8220;#000000&#8243; text_font_size=&#8220;20px&#8220; background_color=&#8220;rgba(255,255,255,0.7)&#8220; custom_padding=&#8220;20px|20px|20px|20px|true|true&#8220; hover_enabled=&#8220;0&#8243; sticky_enabled=&#8220;0&#8243;]<\/p>\n<p><span>1. Der Auftraggeber w\u00e4hlt die Friedhofsg\u00e4rtnerei, die Mitglied der TBF sein muss, selbst aus.<\/span><\/p>\n<p><span>2. Die beauftragte Friedhofsg\u00e4rtnerei errechnet die Preise f\u00fcr die vereinbarten Leistungen eigenverantwortlich.<\/span><\/p>\n<p><span>3. Die Friedhofsg\u00e4rtnerei \u00fcbernimmt alle Formalit\u00e4ten des Vertragsabschlusses.<\/span><\/p>\n<p><span>4. Der Vertrag wird in vierfacher Ausfertigung abgeschlossen. Die Urschrift des Auftrages verbleibt beim Auftragsgeber.<\/span><\/p>\n<p><span>5. Nach Pr\u00fcfung und datenm\u00e4\u00dfiger Erfassung durch die TBF erh\u00e4lt der Auftraggeber eine Rechnung und Auftragsbest\u00e4tigung. Damit ist der Vertrag (rechtlich ein Dreiecks- verh\u00e4ltniss Auftraggeber-Friedhofsg\u00e4rtner-TBF) abgeschlossen. Er wird mit der Zahlung der Vertragssumme wirksam.<\/span><\/p>\n<p><span class=\"uebgr02\">Sicherung des Auftraggebers<\/span><span><\/span><\/p>\n<p><span>Wenn die vereinbarten Leistungen vom beauftragten Friedhofsg\u00e4rtner nicht mehr oder nicht vertragsm\u00e4\u00dfig erbracht werden (z.B. Betriebsaufgabe, Todesfall), verpflichtet die TBF einen anderen Mitgliedsbetrieb. Die TBF \u00fcbernimmt also Gew\u00e4hr daf\u00fcr, dass das Grab w\u00e4hrend der vereinbarten Laufzeit gepflegt wird.<\/span><\/p>\n<p><span>In einem unverbindlichen Beratungsgespr\u00e4ch, w\u00fcrden wir &#8211;\u00a0<\/span><b>die G\u00e4rtnerei Schmid<\/b><span>\u00a0&#8211; Ihnen gerne zus\u00e4tzliche Informationen zukommen lassen.<\/span><br \/><span>Rufen Sie uns bitte an oder wenden sich direkt an die\u00a0<\/span><a href=\"http:\/\/www.dauergrabpflege-bayern.de\/\" rel=\"nofollow noopener noreferrer\" target=\"_blank\">TBF Treuhandgesellschaft bayerischer Friedhofsg\u00e4rtner mbH<\/a><span>, die Ihnen ebenfalls weitere Ausk\u00fcnfte gibt.<\/span><\/p>\n<p>[\/et_pb_text][\/et_pb_column][\/et_pb_row][\/et_pb_section]<\/p>\n","protected":false},"excerpt":{"rendered":"<p>Wie kommt der Vorsorgevertrag zustande? 1. Der Auftraggeber w\u00e4hlt die Friedhofsg\u00e4rtnerei, die Mitglied der TBF sein muss, selbst aus. 2. Die beauftragte Friedhofsg\u00e4rtnerei errechnet die Preise f\u00fcr die vereinbarten Leistungen eigenverantwortlich. 3. Die Friedhofsg\u00e4rtnerei \u00fcbernimmt alle Formalit\u00e4ten des Vertragsabschlusses. 4. Der Vertrag wird in vierfacher Ausfertigung abgeschlossen. Die Urschrift des Auftrages verbleibt beim Auftragsgeber. 5. [&hellip;]<\/p>\n","protected":false},"author":1,"featured_media":0,"parent":0,"menu_order":0,"comment_status":"closed","ping_status":"closed","template":"","meta":{"_et_pb_use_builder":"on","_et_pb_old_content":"","_et_gb_content_width":""},"_links":{"self":[{"href":"https:\/\/www.friedhofsgaertnerei-schmid.de\/mobil\/wp-json\/wp\/v2\/pages\/2821"}],"collection":[{"href":"https:\/\/www.friedhofsgaertnerei-schmid.de\/mobil\/wp-json\/wp\/v2\/pages"}],"about":[{"href":"https:\/\/www.friedhofsgaertnerei-schmid.de\/mobil\/wp-json\/wp\/v2\/types\/page"}],"author":[{"embeddable":true,"href":"https:\/\/www.friedhofsgaertnerei-schmid.de\/mobil\/wp-json\/wp\/v2\/users\/1"}],"replies":[{"embeddable":true,"href":"https:\/\/www.friedhofsgaertnerei-schmid.de\/mobil\/wp-json\/wp\/v2\/comments?post=2821"}],"version-history":[{"count":0,"href":"https:\/\/www.friedhofsgaertnerei-schmid.de\/mobil\/wp-json\/wp\/v2\/pages\/2821\/revisions"}],"wp:attachment":[{"href":"https:\/\/www.friedhofsgaertnerei-schmid.de\/mobil\/wp-json\/wp\/v2\/media?parent=2821"}],"curies":[{"name":"wp","href":"https:\/\/api.w.org\/{rel}","templated":true}]}}