{"id":3,"date":"2020-12-02T14:47:00","date_gmt":"2020-12-02T13:47:00","guid":{"rendered":"http:\/\/www.friedhofsgaertnerei-schmid.de\/mobil\/?page_id=3"},"modified":"2020-12-10T01:09:05","modified_gmt":"2020-12-10T00:09:05","slug":"datenschutzerklaerung","status":"publish","type":"page","link":"https:\/\/www.friedhofsgaertnerei-schmid.de\/mobil\/datenschutzerklaerung\/","title":{"rendered":"Datenschutz"},"content":{"rendered":"<p>[et_pb_section fb_built=&#8220;1&#8243; _builder_version=&#8220;3.22&#8243;][et_pb_row _builder_version=&#8220;3.25&#8243; background_size=&#8220;initial&#8220; background_position=&#8220;top_left&#8220; background_repeat=&#8220;repeat&#8220;][et_pb_column type=&#8220;4_4&#8243; _builder_version=&#8220;3.25&#8243; custom_padding=&#8220;|||&#8220; custom_padding__hover=&#8220;|||&#8220;][et_pb_text _builder_version=&#8220;4.7.4&#8243; _module_preset=&#8220;default&#8220; hover_enabled=&#8220;0&#8243; sticky_enabled=&#8220;0&#8243;]<\/p>\n<h1>Datenschutzerkl\u00e4rung der G\u00e4rtnerei Schmid<\/h1>\n<p>&nbsp;<\/p>\n<h2>1. Allgemeines<\/h2>\n<h3>1.1 Was sind personenbezogene Daten<\/h3>\n<p><span class=\"norm02\">Personenbezogene Daten sind Angaben, die die Identit\u00e4t des Nutzers offenlegen oder offenlegen k\u00f6nnen.<br \/>Wir halten uns an den Grundsatz der Datenvermeidung.<br \/>Es wird soweit wie m\u00f6glich auf die Erhebung von personenbezogenen Daten verzichtet.<\/span><\/p>\n<h3>1.2 Umgang mit personenbezogenen Daten<\/h3>\n<p><span class=\"norm02\">Die Verarbeitung Ihrer personenbezogenen Daten erfolgt ausschlie\u00dflich, soweit wir hierzu Ihre Einwilligung erhalten haben (Art. 6 I a DSGVO).<br \/>Sie werden selbstverst\u00e4ndlich nicht an Dritte weitergegeben.<br \/>Die Verarbeitung Ihrer personenbezogenen Daten erfolgt ausschlie\u00dflich innerhalb der EU.<\/span><\/p>\n<h3>1.3 Nutzungsdaten<\/h3>\n<p><span class=\"norm02\">Beim Besuch der Webseite werden allgemeine technische Informationen erhoben.<br \/>Dies sind die verwendete IP-Adresse, Uhrzeit, Dauer des Besuchs, Browsertyp und ggf. die Herkunftsseite.<br \/>Diese Nutzungsdaten werden technisch bedingt in einem Logfile registriert und k\u00f6nnen zum Zwecke der Statistikauswertung dieser Webseite benutzt und gespeichert werden.<\/span><\/p>\n<p>Eine Verkn\u00fcpfung dieser Nutzungsdaten mit Ihren weiteren personenbezogenen Daten findet nicht statt.<\/p>\n<h3>1.4 Dauer der Speicherung<\/h3>\n<p><span class=\"norm02\">Wir speichern Ihre personenbezogenen Daten nach der Beendigung des Zwecks, f\u00fcr welchen die Daten erhoben wurden, nur solange, wie dies auf Grund der gesetzlichen (insbesondere steuerrechtlichen) Vorschriften erforderlich ist.<\/span><\/p>\n<h3>1.5 Kontakt<\/h3>\n<p><span class=\"norm02\">Bei der Kontaktaufnahme mit uns (z.b. per E-mail, Telefon) werden Ihre Angaben inklusive der von Ihnen dort angegebenen Kontaktdaten zwecks Bearbeitung der Anfrage und deren Abwicklung bei uns gespeichert.<br \/>Diese Daten geben wir nicht ohne Ihre Einwilligung weiter. Wir weisen darauf hin, dass die Daten\u00fcbertragung im Internet (z.B. bei der Kommunikation per E-Mail) Sicherheitsl\u00fccken aufweisen kann. Ein l\u00fcckenloser Schutz der Daten vor dem Zugriff durch Dritte ist nicht m\u00f6glich.<\/span><\/p>\n<p>Die Verarbeitung der eingegebenen Daten erfolgt somit ausschlie\u00dflich auf Grundlage Ihrer Einwilligung (Art. 6 Abs. 1 lit. a DSGVO).<br \/>Sie k\u00f6nnen diese Einwilligung jederzeit widerrufen. Dazu reicht eine formlose Mitteilung per E-Mail an uns. Die Rechtm\u00e4\u00dfigkeit der bis zum Widerruf erfolgten Datenverarbeitungsvorg\u00e4nge bleibt vom Widerruf unber\u00fchrt.<br \/>Die von Ihnen eingegebenen Daten verbleiben bei uns, bis Sie uns zur L\u00f6schung auffordern, Ihre Einwilligung zur Speicherung widerrufen oder der Zweck f\u00fcr die Datenspeicherung entf\u00e4llt (z.B. nach abgeschlossener Bearbeitung Ihrer Anfrage).<br \/>Zwingende gesetzliche Bestimmungen &#8211; insbesondere Aufbewahrungsfristen &#8211; bleiben unber\u00fchrt.<\/p>\n<h2>2. Ihre Rechte<\/h2>\n<h3>2.1 Auskunft<\/h3>\n<p><span class=\"norm02\">Sie k\u00f6nnen von uns eine Auskunft dar\u00fcber verlangen, ob wir personenbezogene Daten von Ihnen verarbeiten und, soweit dies der Fall ist, haben Sie ein Recht auf Auskunft \u00fcber diese personenbezogenen Daten und auf die in Art. 15 DSGVO genannten weiteren Informationen.<\/span><\/p>\n<h3>2.2 Recht auf Berichtigung<\/h3>\n<p><span class=\"norm02\">Sie haben das Recht auf Berichtigung der Sie betreffenden unrichtigen personenbezogenen Daten und k\u00f6nnen gem\u00e4\u00df Art. 16 DSGVO die Vervollst\u00e4ndigung unvollst\u00e4ndiger personenbezogener Daten verlangen.<\/span><\/p>\n<h3>2.3 Recht auf L\u00f6schung<\/h3>\n<p><span class=\"norm02\">Sie haben das Recht von uns zu verlangen, dass die Sie betreffenden personenbezogenen Daten unverz\u00fcglich gel\u00f6scht werden.<br \/>Wir sind verpflichtet diese unverz\u00fcglich zu l\u00f6schen, insbesondere sofern einer der folgenden Gr\u00fcnde zutrifft:<\/span><\/p>\n<ul>\n<li>Ihre personenbezogenen Daten sind f\u00fcr die Zwecke, f\u00fcr die sie erhoben oder auf sonstige Weise verarbeitet wurden, nicht mehr notwendig.<\/li>\n<li>Sie widerrufen ihre Einwilligung, auf die sich die Verarbeitung Ihrer Daten st\u00fctzte, und es fehlt an einer anderweitigen Rechtsgrundlage f\u00fcr die Verarbeitung.<\/li>\n<li>Ihre Daten wurden unrechtm\u00e4\u00dfig verarbeitet.<\/li>\n<\/ul>\n<p><span class=\"norm02\">Das Recht auf L\u00f6schung besteht nicht, soweit Ihre personenbezogenen Daten zur Geltendmachung, Aus\u00fcbung oder Verteidigung unserer Rechtsanspr\u00fcche erforderlich sind.<\/span><\/p>\n<h3>2.4 Recht auf Einschr\u00e4nkung der Verarbeitung<\/h3>\n<p><span class=\"norm02\">Sie haben das Recht, von uns die Einschr\u00e4nkung der Verarbeitung Ihrer personenbezogenen Daten zu verlangen, wenn<\/span><\/p>\n<ul>\n<li>Sie die Richtigkeit der Daten bestreiten und wir daher die Richtigkeit \u00fcberpr\u00fcfen,<\/li>\n<li>die Verarbeitung unrechtm\u00e4\u00dfig ist und Sie die L\u00f6schung ablehnen und stattdessen die Einschr\u00e4nkung der Nutzung verlangen,<\/li>\n<li>wir die Daten nicht l\u00e4nger ben\u00f6tigen, Sie diese jedoch zur Geltendmachung, Aus\u00fcbung oder Verteidigung von Rechtsanspr\u00fcchen ben\u00f6tigen,<\/li>\n<li>Sie Widerspruch gegen die Verarbeitung Ihrer Daten eingelegt haben, und noch nicht feststeht, ob unsere berechtigten Gr\u00fcnde gegen\u00fcber Ihren Gr\u00fcnden \u00fcberwiegen.<\/li>\n<\/ul>\n<h3>2.5 Recht auf Daten\u00fcbertragbarkeit<\/h3>\n<p><span class=\"norm02\">Sie haben das Recht, die Sie betreffenden personenbezogenen Daten, die Sie uns bereitgestellt haben, in einem strukturierten, g\u00e4ngigen und maschinenlesbaren Format zu erhalten und Sie haben das Recht, diese Daten einem anderen Verantwortlichen ohne Behinderung durch uns zu \u00fcbermitteln, sofern die Verarbeitung auf ei-ner Einwilligung oder einem Vertrag beruht und die Verarbeitung bei uns mithilfe automatisierter Verfahren erfolgt.<\/span><\/p>\n<h3>2.6 Widerrufsrecht<\/h3>\n<p><span class=\"norm02\">Soweit die Verarbeitung Ihrer personenbezogenen Daten auf einer Einwilligung beruht, haben Sie das Recht diese Einwilligung jederzeit zu widerrufen.<\/span><\/p>\n<h3>2.7 Allgemeines und Beschwerderecht<\/h3>\n<p><span class=\"norm02\">Die Aus\u00fcbung Ihrer vorstehenden Rechte ist f\u00fcr Sie grunds\u00e4tzlich kostenlos.<br \/>Sie haben das Recht, sich bei Beschwerden direkt an die f\u00fcr uns zust\u00e4ndige Aufsichtsbeh\u00f6rde, den Landesdatenschutzbeauftragen, zu wenden.<\/span><\/p>\n<h2>3. Datensicherheit<\/h2>\n<h3>3.1 Datensicherheit<\/h3>\n<p><span class=\"norm02\">S\u00e4mtliche Daten auf unserer Website werden durch technische und organisatorische Ma\u00dfnahmen gegen Verlust, Zerst\u00f6rung, Zugriff, Ver\u00e4nderung und Verbreitung gesichert.<\/span><\/p>\n<h3>3.2 Sessions und Cookies<\/h3>\n<p><span class=\"norm02\">Zur Bedienung des Internetauftritts k\u00f6nnen wir Cookies oder serverseitige Sessions einsetzen, in denen Daten gespeichert werden k\u00f6nnen.<br \/>Cookies dienen dabei z.B. auch der pers\u00f6nlichen Begr\u00fc\u00dfung mit dem Namen.<\/span><\/p>\n<p><b>Cookies<\/b><span>\u00a0<\/span>sind Dateien, die von einer Webseite auf Ihrer Festplatte abgelegt werden, um diesen Computer beim n\u00e4chsten Webseitenbesuch automatisch wieder zu erkennen und damit die Nutzung der Webseite an Sie anpassen zu k\u00f6nnen.<br \/>Einige der verwendeten Cookies werden nach dem Ende der Browser-Sitzung wieder gel\u00f6scht.<br \/>Dabei handelt es sich um sogenannte Sitzungs-Cookies.<br \/>Andere Cookies verbleiben auf Ihrem Endger\u00e4t und erm\u00f6glichen die Wiedererkennung des Browsers bei einem sp\u00e4teren Besuch unserer Website (dauer-hafte Cookies).<br \/>Sie k\u00f6nnen Ihren Browser so einstellen, dass Sie \u00fcber das Setzen von Cookies informiert werden und einzeln \u00fcber deren Annahme entscheiden oder die Annahme von Cookies f\u00fcr bestimmte F\u00e4lle oder generell ausschlie\u00dfen.<br \/>Bitte beachten Sie dabei, dass Sie m\u00f6glicherweise einige Funktionen dieser Website nicht nutzen k\u00f6nnen, wenn die Cookies deaktiviert sind.<br \/>Wir stellen sicher, dass keine personenbezogenen Daten aus Sessions oder durch Cookies \u00fcbernommen werden und Cookies nur eingesetzt werden, sofern dies f\u00fcr die Website erforderlich ist. Somit ergibt die Abw\u00e4gung, dass keine \u00fcberwiegenden Interessen Ihrerseits entgegenstehen (Art. 6 I f DSGVO).<\/p>\n<h2>4. Kontaktaufnahme<\/h2>\n<p><span class=\"norm02\">Zur Kontaktaufnahme bez\u00fcglich des Datenschutzes k\u00f6nnen Sie sich gern an uns unter Verwendung der nachfolgenden Kontaktm\u00f6glichkeiten wenden.<\/span><\/p>\n<p>Verantwortlicher im Sinne der DSGVO:<\/p>\n<p><b>G\u00e4rtnerei Schmid<\/b><br \/>Susanne Schmid<br \/>Drosselstra\u00dfe 24<br \/>85521 Ottobrunn<\/p>\n<p>&nbsp;<\/p>\n<table cellpadding=\"0\" cellspacing=\"0\">\n<tbody>\n<tr>\n<td class=\"impr01\">Tel:<\/td>\n<td><\/td>\n<td class=\"impr01\">089 \/ 6 09 45 02<\/td>\n<\/tr>\n<tr>\n<td class=\"impr01\">Fax:<\/td>\n<td><\/td>\n<td class=\"impr01\">089 \/ 6 09 18 75<\/td>\n<\/tr>\n<\/tbody>\n<\/table>\n<p><span class=\"norm02\"><br \/>e-Mail:\u00a0<a href=\"mailto:datenschutz@friedhofsgaertnerei-schmid.de\"><span class=\"amail1\">datenschutz@friedhofsgaertnerei-schmid.de<\/span><\/a><\/span><\/p>\n<p>[\/et_pb_text][\/et_pb_column][\/et_pb_row][\/et_pb_section]<\/p>\n","protected":false},"excerpt":{"rendered":"<p>Datenschutzerkl\u00e4rung der G\u00e4rtnerei Schmid &nbsp; 1. Allgemeines 1.1 Was sind personenbezogene Daten Personenbezogene Daten sind Angaben, die die Identit\u00e4t des Nutzers offenlegen oder offenlegen k\u00f6nnen.Wir halten uns an den Grundsatz der Datenvermeidung.Es wird soweit wie m\u00f6glich auf die Erhebung von personenbezogenen Daten verzichtet. 1.2 Umgang mit personenbezogenen Daten Die Verarbeitung Ihrer personenbezogenen Daten erfolgt ausschlie\u00dflich, [&hellip;]<\/p>\n","protected":false},"author":1,"featured_media":0,"parent":0,"menu_order":0,"comment_status":"closed","ping_status":"open","template":"","meta":{"_et_pb_use_builder":"on","_et_pb_old_content":"<!-- wp:heading -->\n<h2>Wer wir sind<\/h2>\n<!-- \/wp:heading -->\n\n<!-- wp:paragraph -->\n<p>Die Adresse unserer Website ist: http:\/\/www.friedhofsgaertnerei-schmid.de\/mobil.<\/p>\n<!-- \/wp:paragraph -->\n\n<!-- wp:heading -->\n<h2>Welche personenbezogenen Daten wir sammeln und warum wir sie sammeln<\/h2>\n<!-- \/wp:heading -->\n\n<!-- wp:heading {\"level\":3} -->\n<h3>Kommentare<\/h3>\n<!-- \/wp:heading -->\n\n<!-- wp:paragraph -->\n<p>Wenn Besucher Kommentare auf der Website schreiben, sammeln wir die Daten, die im Kommentar-Formular angezeigt werden, au\u00dferdem die IP-Adresse des Besuchers und den User-Agent-String (damit wird der Browser identifiziert), um die Erkennung von Spam zu unterst\u00fctzen.<\/p>\n<!-- \/wp:paragraph -->\n\n<!-- wp:paragraph -->\n<p>Aus deiner E-Mail-Adresse kann eine anonymisierte Zeichenfolge erstellt (auch Hash genannt) und dem Gravatar-Dienst \u00fcbergeben werden, um zu pr\u00fcfen, ob du diesen benutzt. Die Datenschutzerkl\u00e4rung des Gravatar-Dienstes findest du hier: https:\/\/automattic.com\/privacy\/. Nachdem dein Kommentar freigegeben wurde, ist dein Profilbild \u00f6ffentlich im Kontext deines Kommentars sichtbar.<\/p>\n<!-- \/wp:paragraph -->\n\n<!-- wp:heading {\"level\":3} -->\n<h3>Medien<\/h3>\n<!-- \/wp:heading -->\n\n<!-- wp:paragraph -->\n<p>Wenn du ein registrierter Benutzer bist und Fotos auf diese Website l\u00e4dst, solltest du vermeiden, Fotos mit einem EXIF-GPS-Standort hochzuladen. Besucher dieser Website k\u00f6nnten Fotos, die auf dieser Website gespeichert sind, herunterladen und deren Standort-Informationen extrahieren.<\/p>\n<!-- \/wp:paragraph -->\n\n<!-- wp:heading {\"level\":3} -->\n<h3>Kontaktformulare<\/h3>\n<!-- \/wp:heading -->\n\n<!-- wp:heading {\"level\":3} -->\n<h3>Cookies<\/h3>\n<!-- \/wp:heading -->\n\n<!-- wp:paragraph -->\n<p>Wenn du einen Kommentar auf unserer Website schreibst, kann das eine Einwilligung sein, deinen Namen, E-Mail-Adresse und Website in Cookies zu speichern. Dies ist eine Komfortfunktion, damit du nicht, wenn du einen weiteren Kommentar schreibst, all diese Daten erneut eingeben musst. Diese Cookies werden ein Jahr lang gespeichert.<\/p>\n<!-- \/wp:paragraph -->\n\n<!-- wp:paragraph -->\n<p>Falls du ein Konto hast und dich auf dieser Website anmeldest, werden wir ein tempor\u00e4res Cookie setzen, um festzustellen, ob dein Browser Cookies akzeptiert. Dieses Cookie enth\u00e4lt keine personenbezogenen Daten und wird verworfen, wenn du deinen Browser schlie\u00dft.<\/p>\n<!-- \/wp:paragraph -->\n\n<!-- wp:paragraph -->\n<p>Wenn du dich anmeldest, werden wir einige Cookies einrichten, um deine Anmeldeinformationen und Anzeigeoptionen zu speichern. Anmelde-Cookies verfallen nach zwei Tagen und Cookies f\u00fcr die Anzeigeoptionen nach einem Jahr. Falls du bei der Anmeldung \u201eAngemeldet bleiben\u201c ausw\u00e4hlst, wird deine Anmeldung zwei Wochen lang aufrechterhalten. Mit der Abmeldung aus deinem Konto werden die Anmelde-Cookies gel\u00f6scht.<\/p>\n<!-- \/wp:paragraph -->\n\n<!-- wp:paragraph -->\n<p>Wenn du einen Artikel bearbeitest oder ver\u00f6ffentlichst, wird ein zus\u00e4tzlicher Cookie in deinem Browser gespeichert. Dieser Cookie enth\u00e4lt keine personenbezogenen Daten und verweist nur auf die Beitrags-ID des Artikels, den du gerade bearbeitet hast. Der Cookie verf\u00e4llt nach einem Tag.<\/p>\n<!-- \/wp:paragraph -->\n\n<!-- wp:heading {\"level\":3} -->\n<h3>Eingebettete Inhalte von anderen Websites<\/h3>\n<!-- \/wp:heading -->\n\n<!-- wp:paragraph -->\n<p>Beitr\u00e4ge auf dieser Website k\u00f6nnen eingebettete Inhalte beinhalten (z.&nbsp;B. Videos, Bilder, Beitr\u00e4ge etc.). Eingebettete Inhalte von anderen Websites verhalten sich exakt so, als ob der Besucher die andere Website besucht h\u00e4tte.<\/p>\n<!-- \/wp:paragraph -->\n\n<!-- wp:paragraph -->\n<p>Diese Websites k\u00f6nnen Daten \u00fcber dich sammeln, Cookies benutzen, zus\u00e4tzliche Tracking-Dienste von Dritten einbetten und deine Interaktion mit diesem eingebetteten Inhalt aufzeichnen, inklusive deiner Interaktion mit dem eingebetteten Inhalt, falls du ein Konto hast und auf dieser Website angemeldet bist.<\/p>\n<!-- \/wp:paragraph -->\n\n<!-- wp:heading {\"level\":3} -->\n<h3>Analysedienste<\/h3>\n<!-- \/wp:heading -->\n\n<!-- wp:heading -->\n<h2>Mit wem wir deine Daten teilen<\/h2>\n<!-- \/wp:heading -->\n\n<!-- wp:heading -->\n<h2>Wie lange wir deine Daten speichern<\/h2>\n<!-- \/wp:heading -->\n\n<!-- wp:paragraph -->\n<p>Wenn du einen Kommentar schreibst, wird dieser inklusive Metadaten zeitlich unbegrenzt gespeichert. Auf diese Art k\u00f6nnen wir Folgekommentare automatisch erkennen und freigeben, anstatt sie in einer Moderations-Warteschlange festzuhalten.<\/p>\n<!-- \/wp:paragraph -->\n\n<!-- wp:paragraph -->\n<p>F\u00fcr Benutzer, die sich auf unserer Website registrieren, speichern wir zus\u00e4tzlich die pers\u00f6nlichen Informationen, die sie in ihren Benutzerprofilen angeben. Alle Benutzer k\u00f6nnen jederzeit ihre pers\u00f6nlichen Informationen einsehen, ver\u00e4ndern oder l\u00f6schen (der Benutzername kann nicht ver\u00e4ndert werden). Administratoren der Website k\u00f6nnen diese Informationen ebenfalls einsehen und ver\u00e4ndern.<\/p>\n<!-- \/wp:paragraph -->\n\n<!-- wp:heading -->\n<h2>Welche Rechte du an deinen Daten hast<\/h2>\n<!-- \/wp:heading -->\n\n<!-- wp:paragraph -->\n<p>Wenn du ein Konto auf dieser Website besitzt oder Kommentare geschrieben hast, kannst du einen Export deiner personenbezogenen Daten bei uns anfordern, inklusive aller Daten, die du uns mitgeteilt hast. Dar\u00fcber hinaus kannst du die L\u00f6schung aller personenbezogenen Daten, die wir von dir gespeichert haben, anfordern. Dies umfasst nicht die Daten, die wir aufgrund administrativer, rechtlicher oder sicherheitsrelevanter Notwendigkeiten aufbewahren m\u00fcssen.<\/p>\n<!-- \/wp:paragraph -->\n\n<!-- wp:heading -->\n<h2>Wohin wir deine Daten senden<\/h2>\n<!-- \/wp:heading -->\n\n<!-- wp:paragraph -->\n<p>Besucher-Kommentare k\u00f6nnten von einem automatisierten Dienst zur Spam-Erkennung untersucht werden.<\/p>\n<!-- \/wp:paragraph -->\n\n<!-- wp:heading -->\n<h2>Deine Kontakt-Informationen<\/h2>\n<!-- \/wp:heading -->\n\n<!-- wp:heading -->\n<h2>Weitere Informationen<\/h2>\n<!-- \/wp:heading -->\n\n<!-- wp:heading {\"level\":3} -->\n<h3>Wie wir deine Daten sch\u00fctzen<\/h3>\n<!-- \/wp:heading -->\n\n<!-- wp:heading {\"level\":3} -->\n<h3>Welche Ma\u00dfnahmen wir bei Datenschutzverletzungen anbieten<\/h3>\n<!-- \/wp:heading -->\n\n<!-- wp:heading {\"level\":3} -->\n<h3>Von welchen Drittanbietern wir Daten erhalten<\/h3>\n<!-- \/wp:heading -->\n\n<!-- wp:heading {\"level\":3} -->\n<h3>Welche automatisierte Entscheidungsfindung und\/oder Profilerstellung wir mit Benutzerdaten durchf\u00fchren<\/h3>\n<!-- \/wp:heading -->\n\n<!-- wp:heading {\"level\":3} -->\n<h3>Vorausgesetzte Offenlegungspflichten der Industrie<\/h3>\n<!-- \/wp:heading -->","_et_gb_content_width":""},"_links":{"self":[{"href":"https:\/\/www.friedhofsgaertnerei-schmid.de\/mobil\/wp-json\/wp\/v2\/pages\/3"}],"collection":[{"href":"https:\/\/www.friedhofsgaertnerei-schmid.de\/mobil\/wp-json\/wp\/v2\/pages"}],"about":[{"href":"https:\/\/www.friedhofsgaertnerei-schmid.de\/mobil\/wp-json\/wp\/v2\/types\/page"}],"author":[{"embeddable":true,"href":"https:\/\/www.friedhofsgaertnerei-schmid.de\/mobil\/wp-json\/wp\/v2\/users\/1"}],"replies":[{"embeddable":true,"href":"https:\/\/www.friedhofsgaertnerei-schmid.de\/mobil\/wp-json\/wp\/v2\/comments?post=3"}],"version-history":[{"count":0,"href":"https:\/\/www.friedhofsgaertnerei-schmid.de\/mobil\/wp-json\/wp\/v2\/pages\/3\/revisions"}],"wp:attachment":[{"href":"https:\/\/www.friedhofsgaertnerei-schmid.de\/mobil\/wp-json\/wp\/v2\/media?parent=3"}],"curies":[{"name":"wp","href":"https:\/\/api.w.org\/{rel}","templated":true}]}}